{"id":8899,"date":"2021-09-30T07:10:00","date_gmt":"2021-09-30T05:10:00","guid":{"rendered":"https:\/\/www.oldsite.ambroservizi.it\/?page_id=8899"},"modified":"2021-11-12T12:30:12","modified_gmt":"2021-11-12T11:30:12","slug":"scuole-enti-modalita-di-acquisto-della-formazione-a-punti","status":"publish","type":"page","link":"https:\/\/www.oldsite.ambroservizi.it\/index.php\/scuole-enti-modalita-di-acquisto-della-formazione-a-punti\/","title":{"rendered":"Scuole\/Enti: Modalit\u00e0 di acquisto della formazione A PUNTI"},"content":{"rendered":"\n<div class=\"wp-block-image\"><figure class=\"aligncenter size-large\"><img loading=\"lazy\" width=\"308\" height=\"435\" src=\"https:\/\/www.oldsite.ambroservizi.it\/wp-content\/uploads\/2021\/10\/FormazioneAcquistabileAPunti_Logo2p.png\" alt=\"\" class=\"wp-image-8964\" srcset=\"https:\/\/www.oldsite.ambroservizi.it\/wp-content\/uploads\/2021\/10\/FormazioneAcquistabileAPunti_Logo2p.png 308w, https:\/\/www.oldsite.ambroservizi.it\/wp-content\/uploads\/2021\/10\/FormazioneAcquistabileAPunti_Logo2p-212x300.png 212w\" sizes=\"(max-width: 308px) 100vw, 308px\" \/><\/figure><\/div>\n\n\n\n<p><strong>Come funziona?<\/strong><br>Fino ad oggi per acquistare un corso di formazione occorreva fare un ordine in cui indicare:<\/p>\n\n\n\n<ul><li>il corso desiderato<\/li><li>a quante persone era rivolto (un numero di persone, una o pi\u00f9 classi, una categoria, l&#8217;intero istituto)<\/li><li>in che modo andava fatto (in presenza, in e-learning, in videoconferenza)<\/li><li>dove (presso il cliente, presso un&#8217;altra sede, online)<\/li><li>il CIG (codice identificativo di gara)<\/li><\/ul>\n\n\n\n<p>Abbiamo lasciato questa opportunit\u00e0, ma per agevolare l&#8217;organizzazione e le esigenze degli Istituti Scolastici abbiamo aggiunto un&#8217;altra modalit\u00e0 che a nostro avviso semplificher\u00e0 tutta&nbsp;la gestione del fabbisogno formativo.<br><br>Si acquista un credito&nbsp;che viene trasformato in punti&nbsp;che potranno essere utilizzati durante l&#8217;anno per risolvere qualsiasi esigenza dovesse sorgere.<br><br>Facciamo un esempio:<br>La scuola ha bisogno di far fare a 10 persone un corso base sulla sicurezza.<\/p>\n\n\n\n<ol type=\"1\"><li>Va nel pannello delle prenotazioni (SIC) messo a disposizione da Ambrostudio Servizi<\/li><li>Inserisce i dati della sua esigenza: Tipo di corso, il modo e quante persone&nbsp;<\/li><li>il sistema calcola a quanti punti questa esigenza corrisponde. Se il Cliente ha gi\u00e0 acquistato dei punti verranno scalati dal saldo, altrimenti registra l&#8217;esigenza e propone l&#8217;acquisto dei punti necessari<\/li><li>in un secondo momento andranno indicati i nominativi dei corsisti e scelte le date disponibili fornite dal calendario<\/li><\/ol>\n\n\n\n<p>Riteniamo che questa opportunit\u00e0 possa semplificare tutta la procedura e in caso di esigenza abbattere i tempi necessari.<\/p>\n\n\n\n<p><strong>Quanto costa?<\/strong><br>Abbiamo cercato di fare in modo che questo sistema non comporti un aumento dei costi per l&#8217;amministrazione, anzi, possa far risparmiare dato che verranno proposti degli sconti in base al numero di punti richiesti durante la ricarica. Il servizio \u00e8 prepagato e pi\u00f9 punti si acquistano e pi\u00f9 si risparmia.<br><\/p>\n\n\n\n<p><strong>Come si ordina?<\/strong><br>Utilizzando il modulo apposito scaricabile qui<\/p>\n\n\n\n\n\n\n\n<hr class=\"wp-block-separator is-style-default\"\/>\n\n\n\n<figure class=\"wp-block-table\"><table><tbody><tr><td>Ogni <strong>cliente<\/strong> avr\u00e0 a disposizione una <strong>pagina&nbsp;dedicata<\/strong>, accessibile&nbsp;con delle credenziali, per&nbsp;<strong>gestire il proprio saldo<\/strong> e vedere tutto lo storico dei corsi attivati e in corso di opera.<br><br>Allo stesso modo ogni <strong>lavoratore<\/strong> avr\u00e0 a disposizione una <strong>pagina dedicata<\/strong> dove saranno riepilogati i corsi svolti, il materiale didattico, l\u2019esito delle verifiche di apprendimento e l\u2019eventuale attestato.<\/td><\/tr><\/tbody><\/table><\/figure>\n\n\n\n<hr class=\"wp-block-separator is-style-wide\"\/>\n\n\n\n<p><\/p>\n","protected":false},"excerpt":{"rendered":"<p>Come funziona?Fino ad oggi per acquistare un corso di formazione occorreva fare un ordine in cui indicare: il corso desiderato a quante persone era rivolto (un numero di persone, una &#8230;<\/p>\n","protected":false},"author":1,"featured_media":2421,"parent":0,"menu_order":0,"comment_status":"closed","ping_status":"closed","template":"","meta":[],"_links":{"self":[{"href":"https:\/\/www.oldsite.ambroservizi.it\/index.php\/wp-json\/wp\/v2\/pages\/8899"}],"collection":[{"href":"https:\/\/www.oldsite.ambroservizi.it\/index.php\/wp-json\/wp\/v2\/pages"}],"about":[{"href":"https:\/\/www.oldsite.ambroservizi.it\/index.php\/wp-json\/wp\/v2\/types\/page"}],"author":[{"embeddable":true,"href":"https:\/\/www.oldsite.ambroservizi.it\/index.php\/wp-json\/wp\/v2\/users\/1"}],"replies":[{"embeddable":true,"href":"https:\/\/www.oldsite.ambroservizi.it\/index.php\/wp-json\/wp\/v2\/comments?post=8899"}],"version-history":[{"count":4,"href":"https:\/\/www.oldsite.ambroservizi.it\/index.php\/wp-json\/wp\/v2\/pages\/8899\/revisions"}],"predecessor-version":[{"id":8973,"href":"https:\/\/www.oldsite.ambroservizi.it\/index.php\/wp-json\/wp\/v2\/pages\/8899\/revisions\/8973"}],"wp:featuredmedia":[{"embeddable":true,"href":"https:\/\/www.oldsite.ambroservizi.it\/index.php\/wp-json\/wp\/v2\/media\/2421"}],"wp:attachment":[{"href":"https:\/\/www.oldsite.ambroservizi.it\/index.php\/wp-json\/wp\/v2\/media?parent=8899"}],"curies":[{"name":"wp","href":"https:\/\/api.w.org\/{rel}","templated":true}]}}