{"id":7209,"date":"2020-09-03T12:49:04","date_gmt":"2020-09-03T10:49:04","guid":{"rendered":"https:\/\/www.oldsite.ambroservizi.it\/?page_id=7209"},"modified":"2020-10-22T03:13:14","modified_gmt":"2020-10-22T01:13:14","slug":"scuole-enti-dad-ruolo-di-ddi-pm","status":"publish","type":"page","link":"https:\/\/www.oldsite.ambroservizi.it\/index.php\/scuole-enti-dad-ruolo-di-ddi-pm\/","title":{"rendered":"Scuole\/Enti: Ruolo di Project Manager nella Didattica Digitale Integrata"},"content":{"rendered":"\n<div class=\"wp-block-image alignwide size-large\"><figure class=\"aligncenter size-large\"><img loading=\"lazy\" width=\"1024\" height=\"512\" src=\"https:\/\/www.oldsite.ambroservizi.it\/wp-content\/uploads\/2020\/10\/100_1200x600-1024x512.jpg\" alt=\"\" class=\"wp-image-8234\" srcset=\"https:\/\/www.oldsite.ambroservizi.it\/wp-content\/uploads\/2020\/10\/100_1200x600-1024x512.jpg 1024w, https:\/\/www.oldsite.ambroservizi.it\/wp-content\/uploads\/2020\/10\/100_1200x600-300x150.jpg 300w, https:\/\/www.oldsite.ambroservizi.it\/wp-content\/uploads\/2020\/10\/100_1200x600-768x384.jpg 768w, https:\/\/www.oldsite.ambroservizi.it\/wp-content\/uploads\/2020\/10\/100_1200x600.jpg 1200w\" sizes=\"(max-width: 1024px) 100vw, 1024px\" \/><\/figure><\/div>\n\n\n\n<hr class=\"wp-block-separator is-style-wide\"\/>\n\n\n\n<p style=\"font-size:22px\">DI <strong>COSA<\/strong> SI TRATTA?<\/p>\n\n\n\n<p class=\"has-text-align-center has-vivid-cyan-blue-color has-very-light-gray-background-color has-text-color has-background has-medium-font-size\">Ruolo di Project Manager nella DDI<\/p>\n\n\n\n<h4>CON-DDI-PM &#8211; Ruolo di Responsabile Esterno &#8211; Project Manager<\/h4>\n\n\n\n<p>Si vuole offrire alla Scuola la possibilit\u00e0 di affidare all&#8217;esterno tutta la problematica relativa alla <strong>DAD &#8211; Didattica A Distanza<\/strong>, mettendo a disposizione un esperto che programmi insieme al Dirigente Scolastico la predisposizione delle piattaforme da utilizzare e la formazione da offrire ai Docenti e agli Studenti.<\/p>\n\n\n\n<p>Il servizio prevede:<\/p>\n\n\n\n<p>\u2022 Una buona programmazione del piano di lavoro (scelta della piattaforma, regole per il suo uso, procedure di Backup e Disaster Recovery, ecc.)<br>\u2022 Opportuna formazione sia ai Docenti che agli Studenti in base alle loro esigenze (Scuola dell\u2019Infanzia, Primaria o Secondaria)<br>\u2022 Pronto intervento in caso di situazione critica (specialmente di supporto ai Docenti non esperti di informatica)<br>\u2022 Verifica del rispetto da parte di tutti i partecipanti delle norme sulla Sicurezza sul Lavoro e sulla Privacy<br>\u2022 Prevenzione dei fenomeni di uso improprio o illecito (Cyberbullismo, Furto di identit\u00e0, ecc.).<\/p>\n\n\n\n<hr class=\"wp-block-separator is-style-wide\"\/>\n\n\n\n<p style=\"font-size:22px\">A<strong> CHI <\/strong>SI RIVOLGE IL SERVIZIO E I CORSI DI FORMAZIONE?<\/p>\n\n\n\n<p>Ai Docenti e a gli Alunni\/Studenti<\/p>\n\n\n\n<hr class=\"wp-block-separator is-style-wide\"\/>\n\n\n\n<p style=\"font-size:22px\">QUALI SONO I <strong>CONTENUTI<\/strong> E I <strong>COSTI<\/strong>?<\/p>\n\n\n\n<figure class=\"wp-block-table\"><table><tbody><tr><td class=\"has-text-align-center\" data-align=\"center\"><strong>Codice MEPA<\/strong><\/td><td class=\"has-text-align-center\" data-align=\"center\"><strong>Denominazione<\/strong><\/td><td class=\"has-text-align-center\" data-align=\"center\"><strong>Tipologia<\/strong><\/td><td class=\"has-text-align-center\" data-align=\"center\"><strong>Dettagli<\/strong><\/td><td class=\"has-text-align-center\" data-align=\"center\"><strong>Anni<\/strong><br><strong>validit\u00e0<\/strong><\/td><td class=\"has-text-align-center\" data-align=\"center\"><strong>Costo<\/strong><\/td><\/tr><tr><td class=\"has-text-align-center\" data-align=\"center\">CON-DDI-PM<\/td><td class=\"has-text-align-center\" data-align=\"center\">CONSULENZA e Ruolo di PROJECT MANAGER PER LA DIDATTICA DIGITALE INTEGRATA<\/td><td class=\"has-text-align-center\" data-align=\"center\">Servizio annuale<\/td><td class=\"has-text-align-center\" data-align=\"center\">&#8211;<\/td><td class=\"has-text-align-center\" data-align=\"center\">1<\/td><td class=\"has-text-align-center\" data-align=\"center\"><strong><em>2.650,00\u20ac<\/em><\/strong><\/td><\/tr><\/tbody><\/table><\/figure>\n\n\n\n\n\n<p class=\"has-medium-font-size\">Possono essere ordinati su piattaforma <strong>MEPA <\/strong>indicando il codice corrispondente o scaricando il documento riepilogativo e l&#8217;offerta a fine pagina o richiedendo un preventivo personalizzato all&#8217;indirizzo <strong>info@ambroservizi.it<\/strong><\/p>\n\n\n\n<p style=\"font-size:22px\"><strong>PROGRAMMA<\/strong> DEL SERVIZIO DI PROJECT MANAGER: CONSULENTE E REFERENTE PER LA DIDATTICA DIGITALE INTEGRATA E LA DIDATTICA A DISTANZA<\/p>\n\n\n\n<p>In una prima riunione con il Dirigente Scolastico e i suoi incaricati il REFERENTE espone la sua proposta su piattaforma e modalit\u00e0 e una volta approvata si avviano i corsi di formazione in modalit\u00e0 e-learning da far svolgere a Docenti e Studenti affinch\u00e9 tutti abbiano facilmente la padronanza degli strumenti. La proposta prevede la scelta tra le piattaforme pi\u00f9 usate in commercio.<\/p>\n\n\n\n<p>Il REFERENTE rimane a disposizione per coloro che avessero dubbi o necessit\u00e0 di approfondimenti.<\/p>\n\n\n\n<p>Tra i sui compiti c\u2019\u00e8 anche quello di verificare e garantire che tutte le attivit\u00e0 vengano svolte in ottemperanza alle norme sulla Sicurezza sul lavoro e sulla Privacy.<\/p>\n\n\n\n<p>Tutte le riunioni e le riunioni con il REFERENTE vengono svolte in modalit\u00e0 remota. \u00c8 previsto un incontro in webinar con tutti i Docenti per affrontare eventuali dubi in una sessione di domande\/risposte.<\/p>\n\n\n\n\n\n<p><\/p>\n\n\n\n<p style=\"font-size:22px\"><strong>PROGRAMMA<\/strong> DEI CORSI DAD PER LA DIDATTICA A DISTANZA &#8211; DOCENTI E STUDENTI<\/p>\n\n\n\n<p>Per i Docenti: Corso per l\u2019organizzazione delle classi e per l\u2019uso degli strumenti tecnologici ai fini didattici. Il corso \u00e8 differenziato in base alla tipologia di utenza (sono presenti contenuti personalizzati per Infanzia, Primaria e Secondaria). \u00c8 composto da contributi multimediali (audio, filmati), tabelle riassuntive e dispense e al termine il Test finale di apprendimento.<\/p>\n\n\n\n<p>Per gli Studenti: Filmati esplicativi per l&#8217;installazione e l&#8217;uso degli strumenti tecnologici differenziati in base alla tipologia di utenza (Infanzia, Primaria e Secondaria).<\/p>\n\n\n\n<hr class=\"wp-block-separator is-style-wide\"\/>\n\n\n\n<div class=\"wp-block-media-text alignwide is-stacked-on-mobile\" style=\"grid-template-columns:15% auto\"><figure class=\"wp-block-media-text__media\"><img loading=\"lazy\" width=\"1024\" height=\"1024\" src=\"https:\/\/www.oldsite.ambroservizi.it\/wp-content\/uploads\/2020\/04\/hope-house-press-leather-diary-studio-IOzk8YKDhYg-unsplash-1024x1024.jpg\" alt=\"\" class=\"wp-image-648\" srcset=\"https:\/\/www.oldsite.ambroservizi.it\/wp-content\/uploads\/2020\/04\/hope-house-press-leather-diary-studio-IOzk8YKDhYg-unsplash-1024x1024.jpg 1024w, https:\/\/www.oldsite.ambroservizi.it\/wp-content\/uploads\/2020\/04\/hope-house-press-leather-diary-studio-IOzk8YKDhYg-unsplash-300x300.jpg 300w, https:\/\/www.oldsite.ambroservizi.it\/wp-content\/uploads\/2020\/04\/hope-house-press-leather-diary-studio-IOzk8YKDhYg-unsplash-150x150.jpg 150w, https:\/\/www.oldsite.ambroservizi.it\/wp-content\/uploads\/2020\/04\/hope-house-press-leather-diary-studio-IOzk8YKDhYg-unsplash-768x768.jpg 768w, https:\/\/www.oldsite.ambroservizi.it\/wp-content\/uploads\/2020\/04\/hope-house-press-leather-diary-studio-IOzk8YKDhYg-unsplash-1536x1536.jpg 1536w, https:\/\/www.oldsite.ambroservizi.it\/wp-content\/uploads\/2020\/04\/hope-house-press-leather-diary-studio-IOzk8YKDhYg-unsplash-2048x2048.jpg 2048w\" sizes=\"(max-width: 1024px) 100vw, 1024px\" \/><\/figure><div class=\"wp-block-media-text__content\">\n<p style=\"font-size:22px\"><strong>DOCUMENTAZIONE<\/strong><\/p>\n\n\n\n<p>Durante il Corso sar\u00e0 fornita la documentazione utilizzata dai docenti nell\u2019esposizione e necessaria per l\u2019approfondimento degli argomenti affrontati.<\/p>\n<\/div><\/div>\n\n\n\n<hr class=\"wp-block-separator is-style-wide\"\/>\n\n\n\n<div class=\"wp-block-media-text alignwide is-stacked-on-mobile\" style=\"grid-template-columns:15% auto\"><figure class=\"wp-block-media-text__media\"><img loading=\"lazy\" width=\"1024\" height=\"683\" src=\"https:\/\/www.oldsite.ambroservizi.it\/wp-content\/uploads\/2020\/04\/sincerely-media-dGxOgeXAXm8-unsplash-1024x683.jpg\" alt=\"\" class=\"wp-image-649\" srcset=\"https:\/\/www.oldsite.ambroservizi.it\/wp-content\/uploads\/2020\/04\/sincerely-media-dGxOgeXAXm8-unsplash-1024x683.jpg 1024w, https:\/\/www.oldsite.ambroservizi.it\/wp-content\/uploads\/2020\/04\/sincerely-media-dGxOgeXAXm8-unsplash-300x200.jpg 300w, https:\/\/www.oldsite.ambroservizi.it\/wp-content\/uploads\/2020\/04\/sincerely-media-dGxOgeXAXm8-unsplash-768x512.jpg 768w, https:\/\/www.oldsite.ambroservizi.it\/wp-content\/uploads\/2020\/04\/sincerely-media-dGxOgeXAXm8-unsplash-1536x1024.jpg 1536w, https:\/\/www.oldsite.ambroservizi.it\/wp-content\/uploads\/2020\/04\/sincerely-media-dGxOgeXAXm8-unsplash-2048x1365.jpg 2048w\" sizes=\"(max-width: 1024px) 100vw, 1024px\" \/><\/figure><div class=\"wp-block-media-text__content\">\n<p style=\"font-size:22px\">QUAL E&#8217; LA<strong> METODOLOGIA DIDATTICA<\/strong>?<\/p>\n\n\n\n<p>I corsi di formazione sulla sicurezza per lavoratori sono svolti con metodo altamente interattivo, in modo da coinvolgere gli allievi, sollecitarne l\u2019interesse, favorire la discussione su casi pratici provenienti dalla loro esperienza. Per mantenere un alto livello di attenzione dei partecipanti durante l\u2019intero percorso formativo e favorire quindi l\u2019apprendimento verr\u00e0 dato spazio all\u2019interazione tra i partecipanti anche nella soluzione di casi reali mediante partecipazione a workshop.<\/p>\n<\/div><\/div>\n\n\n\n<p><strong>Terminologie:<\/strong><\/p>\n\n\n\n<p><strong><em>FAD<\/em><\/strong> = Frequenza a distanza, quindi attivit\u00e0 in autonomia di utilizzo della piattaforma, in orario e frazioni libere<\/p>\n\n\n\n<p><strong><em>Webinar<\/em><\/strong> = attivit\u00e0 di classe virtuale con il collegamento in diretta con programmazione di giorno ed ora in collegamento con i tutor, con i quali \u00e8 possibile interagire esattamente come in aula. Il sistema prevede tracciamento e controllo delle presenze, sessioni domande e risposte, interventi live ed in chat.<\/p>\n\n\n\n<p><strong><em>Aula<\/em><\/strong> = attivit\u00e0 di formazione tradizionale, arricchita da question time ed esempi pratici. (non svolta durante l&#8217;emergenza covid)<\/p>\n\n\n\n<hr class=\"wp-block-separator is-style-wide\"\/>\n\n\n\n<div class=\"wp-block-media-text alignwide is-stacked-on-mobile\" style=\"grid-template-columns:15% auto\"><figure class=\"wp-block-media-text__media\"><img loading=\"lazy\" width=\"1024\" height=\"683\" src=\"https:\/\/www.oldsite.ambroservizi.it\/wp-content\/uploads\/2020\/04\/you-x-ventures-MUZFKa_mttU-unsplash-1024x683.jpg\" alt=\"\" class=\"wp-image-646\" srcset=\"https:\/\/www.oldsite.ambroservizi.it\/wp-content\/uploads\/2020\/04\/you-x-ventures-MUZFKa_mttU-unsplash-1024x683.jpg 1024w, https:\/\/www.oldsite.ambroservizi.it\/wp-content\/uploads\/2020\/04\/you-x-ventures-MUZFKa_mttU-unsplash-300x200.jpg 300w, https:\/\/www.oldsite.ambroservizi.it\/wp-content\/uploads\/2020\/04\/you-x-ventures-MUZFKa_mttU-unsplash-768x512.jpg 768w, https:\/\/www.oldsite.ambroservizi.it\/wp-content\/uploads\/2020\/04\/you-x-ventures-MUZFKa_mttU-unsplash-1536x1024.jpg 1536w, https:\/\/www.oldsite.ambroservizi.it\/wp-content\/uploads\/2020\/04\/you-x-ventures-MUZFKa_mttU-unsplash-2048x1365.jpg 2048w\" sizes=\"(max-width: 1024px) 100vw, 1024px\" \/><\/figure><div class=\"wp-block-media-text__content\">\n<p style=\"font-size:22px\">CHI SONO I <strong>RELATORI<\/strong>?<\/p>\n\n\n\n<p>I relatori dei corsi sono selezionati per esperienza sia di esperto informatico e consulente sulla sicurezza e privacy nel settore scolastico. Per il modulo giuridico si prevede la presenza di un formatore con preparazione giuridica.<\/p>\n<\/div><\/div>\n\n\n\n<hr class=\"wp-block-separator is-style-wide\"\/>\n\n\n\n<div class=\"wp-block-media-text alignwide is-stacked-on-mobile\" style=\"grid-template-columns:15% auto\"><figure class=\"wp-block-media-text__media\"><img loading=\"lazy\" width=\"1024\" height=\"683\" src=\"https:\/\/www.oldsite.ambroservizi.it\/wp-content\/uploads\/2020\/04\/andrew-neel-cckf4TsHAuw-unsplash-1024x683.jpg\" alt=\"\" class=\"wp-image-647\" srcset=\"https:\/\/www.oldsite.ambroservizi.it\/wp-content\/uploads\/2020\/04\/andrew-neel-cckf4TsHAuw-unsplash-1024x683.jpg 1024w, https:\/\/www.oldsite.ambroservizi.it\/wp-content\/uploads\/2020\/04\/andrew-neel-cckf4TsHAuw-unsplash-300x200.jpg 300w, https:\/\/www.oldsite.ambroservizi.it\/wp-content\/uploads\/2020\/04\/andrew-neel-cckf4TsHAuw-unsplash-768x512.jpg 768w, https:\/\/www.oldsite.ambroservizi.it\/wp-content\/uploads\/2020\/04\/andrew-neel-cckf4TsHAuw-unsplash-1536x1024.jpg 1536w, https:\/\/www.oldsite.ambroservizi.it\/wp-content\/uploads\/2020\/04\/andrew-neel-cckf4TsHAuw-unsplash-2048x1365.jpg 2048w\" sizes=\"(max-width: 1024px) 100vw, 1024px\" \/><\/figure><div class=\"wp-block-media-text__content\">\n<p style=\"font-size:22px\"><strong>ATTESTATI <\/strong>DI<strong> FREQUENZA <\/strong>E<strong> VALUTAZIONE <\/strong>DEI PARTECIPANTI<\/p>\n\n\n\n<p>Per ogni partecipante al corso, verr\u00e0 rilasciato un attestato di frequenza solo a seguito del superamento del test di verifica dell\u2019apprendimento.<\/p>\n<\/div><\/div>\n\n\n\n<hr class=\"wp-block-separator is-style-wide\"\/>\n\n\n\n<div class=\"wp-block-media-text alignwide is-stacked-on-mobile\" style=\"grid-template-columns:15% auto\"><figure class=\"wp-block-media-text__media\"><img loading=\"lazy\" width=\"1024\" height=\"683\" src=\"https:\/\/www.oldsite.ambroservizi.it\/wp-content\/uploads\/2020\/04\/marvin-meyer-SYTO3xs06fU-unsplash-1024x683.jpg\" alt=\"\" class=\"wp-image-659\" srcset=\"https:\/\/www.oldsite.ambroservizi.it\/wp-content\/uploads\/2020\/04\/marvin-meyer-SYTO3xs06fU-unsplash-1024x683.jpg 1024w, https:\/\/www.oldsite.ambroservizi.it\/wp-content\/uploads\/2020\/04\/marvin-meyer-SYTO3xs06fU-unsplash-300x200.jpg 300w, https:\/\/www.oldsite.ambroservizi.it\/wp-content\/uploads\/2020\/04\/marvin-meyer-SYTO3xs06fU-unsplash-768x512.jpg 768w, https:\/\/www.oldsite.ambroservizi.it\/wp-content\/uploads\/2020\/04\/marvin-meyer-SYTO3xs06fU-unsplash-1536x1024.jpg 1536w, https:\/\/www.oldsite.ambroservizi.it\/wp-content\/uploads\/2020\/04\/marvin-meyer-SYTO3xs06fU-unsplash-2048x1365.jpg 2048w\" sizes=\"(max-width: 1024px) 100vw, 1024px\" \/><\/figure><div class=\"wp-block-media-text__content\">\n<p style=\"font-size:22px\"><strong>QUANDO E DOVE <\/strong>SI SVOLGE?<\/p>\n\n\n\n<p>Il corso \u00e8 svolto in e-learning (FAD) preferibilmente su Personal Computer o in visione su qualsiasi dispositivo connesso ad internet.<\/p>\n<\/div><\/div>\n\n\n\n<hr class=\"wp-block-separator is-style-wide\"\/>\n\n\n\n<div class=\"wp-block-media-text alignwide has-media-on-the-right is-stacked-on-mobile\" style=\"grid-template-columns:auto 15%\"><figure class=\"wp-block-media-text__media\"><a href=\"https:\/\/www.oldsite.ambroservizi.it\/wp-content\/uploads\/2020\/10\/ASS_RuoloDDI-PM_2020-02_002.pdf\" target=\"_blank\" rel=\"noopener noreferrer\"><img loading=\"lazy\" width=\"200\" height=\"200\" src=\"https:\/\/www.oldsite.ambroservizi.it\/wp-content\/uploads\/2020\/06\/scarica-riepilogo3-e1598523382654.png\" alt=\"\" class=\"wp-image-2395\"\/><\/a><\/figure><div class=\"wp-block-media-text__content\">\n<p class=\"has-text-align-center has-medium-font-size\">CON-DDI-PM &#8211; Ruolo di Project Manager nella Didattica Digitale Integrata<\/p>\n\n\n\n<p class=\"has-text-align-center has-medium-font-size\"><a href=\"https:\/\/www.oldsite.ambroservizi.it\/wp-content\/uploads\/2020\/10\/ASS_RuoloDDI-PM_2020-02_002.pdf\" target=\"_blank\" rel=\"noreferrer noopener\">Scarica l&#8217;offerta completa<\/a><\/p>\n<\/div><\/div>\n\n\n\n<p><\/p>\n","protected":false},"excerpt":{"rendered":"<p>DI COSA SI TRATTA? Ruolo di Project Manager nella DDI CON-DDI-PM &#8211; Ruolo di Responsabile Esterno &#8211; Project Manager Si vuole offrire alla Scuola la possibilit\u00e0 di affidare all&#8217;esterno tutta &#8230;<\/p>\n","protected":false},"author":1,"featured_media":0,"parent":0,"menu_order":0,"comment_status":"closed","ping_status":"closed","template":"","meta":[],"_links":{"self":[{"href":"https:\/\/www.oldsite.ambroservizi.it\/index.php\/wp-json\/wp\/v2\/pages\/7209"}],"collection":[{"href":"https:\/\/www.oldsite.ambroservizi.it\/index.php\/wp-json\/wp\/v2\/pages"}],"about":[{"href":"https:\/\/www.oldsite.ambroservizi.it\/index.php\/wp-json\/wp\/v2\/types\/page"}],"author":[{"embeddable":true,"href":"https:\/\/www.oldsite.ambroservizi.it\/index.php\/wp-json\/wp\/v2\/users\/1"}],"replies":[{"embeddable":true,"href":"https:\/\/www.oldsite.ambroservizi.it\/index.php\/wp-json\/wp\/v2\/comments?post=7209"}],"version-history":[{"count":38,"href":"https:\/\/www.oldsite.ambroservizi.it\/index.php\/wp-json\/wp\/v2\/pages\/7209\/revisions"}],"predecessor-version":[{"id":8403,"href":"https:\/\/www.oldsite.ambroservizi.it\/index.php\/wp-json\/wp\/v2\/pages\/7209\/revisions\/8403"}],"wp:attachment":[{"href":"https:\/\/www.oldsite.ambroservizi.it\/index.php\/wp-json\/wp\/v2\/media?parent=7209"}],"curies":[{"name":"wp","href":"https:\/\/api.w.org\/{rel}","templated":true}]}}