{"id":2625,"date":"2020-06-25T10:33:39","date_gmt":"2020-06-25T08:33:39","guid":{"rendered":"https:\/\/www.oldsite.ambroservizi.it\/?page_id=2625"},"modified":"2020-06-25T10:33:39","modified_gmt":"2020-06-25T08:33:39","slug":"circolare-tecnica-2020-12-compilazione-schede-ares-miur-per-accesso-a-finanz-pon","status":"publish","type":"page","link":"https:\/\/www.oldsite.ambroservizi.it\/index.php\/circolare-tecnica-2020-12-compilazione-schede-ares-miur-per-accesso-a-finanz-pon\/","title":{"rendered":"Circolare Tecnica 2020-12 Compilazione schede ARES MIUR per accesso a finanz.PON"},"content":{"rendered":"\n<p>Milano, 24\/06\/2020<br><br>Alla c.a. del&nbsp;Dirigente Scolastico<\/p>\n\n\n\n<p>e p.c. Dsga, Aspp, Rls<\/p>\n\n\n\n<p>\u00a0<br><strong>Oggetto: Compilazione schede per accesso a finanziamento PON.<\/strong><\/p>\n\n\n\n<p>Gentile Dirigente,<br>la presente per confermare alle Scuole che ne hanno avuto richiesta il supporto per la compilazione delle schede per la rilevazione dei dati sugli spazi didattici.<br>Considerando la ristrettezza dei tempi per la risposta, l&#8217;unica modalit\u00e0 possibile \u00e8 risultata quella di eseguire la compilazione avvalendosi del supporto di suoi collaboratori, per esempio i Referenti di plesso, ai quali forniremo la massima collaborazione necessaria alla compilazione.<br>Tutte le richieste possono essere effettuate all&#8217;indirizzo di posta assistenza@ambroservizi.it o scrivendo al numero whatsapp 377-4044116 o chiamando il numero verde 800.456.111.<br>Comunichiamo inoltre, che per informazioni ricevute direttamente da parte degli Assessorati, la compilazione non deve essere precisa, ma se ne richiede un&#8217;indicazione sommaria ma tempestiva, per permettere agli operatori di formalizzare al sistema informativo MIUR l&#8217;aggiornamento dei dati. Nell&#8217;elenco potranno mancare alcuni plessi o le sole cartine di alcuni plessi, la motivazione \u00e8 legata al fatto che il MIUR \u00e8 gi\u00e0 in possesso dei rispettivi dati.<\/p>\n\n\n\n<p>Rimaniamo a disposizione per una eventuale verifica del file prodotto. Provvedere ad inviarlo all&#8217;indirizzo PEC assistenza.ambroservizi@pec.it<\/p>\n\n\n\n<p>Seguir\u00e0 a breve un&#8217;altra circolare tecnica di commento sull&#8217;atteso accordo stato-regioni.<\/p>\n\n\n\n<p>In caso di dubbi o necessit\u00e0 di chiarimenti contattateci via mail all&#8217;indirizzo assistenza@ambroservizi.it o telefonicamente al numero verde 800.456.111.<\/p>\n\n\n\n<p>Cogliamo l&#8217;occasione per porgere<br>Cordiali saluti<\/p>\n\n\n\n<p>&nbsp;<br>AMBROSTUDIO Servizi Srls<\/p>\n","protected":false},"excerpt":{"rendered":"<p>Milano, 24\/06\/2020 Alla c.a. del&nbsp;Dirigente Scolastico e p.c. Dsga, Aspp, Rls \u00a0Oggetto: Compilazione schede per accesso a finanziamento PON. Gentile Dirigente,la presente per confermare alle Scuole che ne hanno avuto &#8230;<\/p>\n","protected":false},"author":1,"featured_media":0,"parent":0,"menu_order":0,"comment_status":"closed","ping_status":"closed","template":"","meta":[],"_links":{"self":[{"href":"https:\/\/www.oldsite.ambroservizi.it\/index.php\/wp-json\/wp\/v2\/pages\/2625"}],"collection":[{"href":"https:\/\/www.oldsite.ambroservizi.it\/index.php\/wp-json\/wp\/v2\/pages"}],"about":[{"href":"https:\/\/www.oldsite.ambroservizi.it\/index.php\/wp-json\/wp\/v2\/types\/page"}],"author":[{"embeddable":true,"href":"https:\/\/www.oldsite.ambroservizi.it\/index.php\/wp-json\/wp\/v2\/users\/1"}],"replies":[{"embeddable":true,"href":"https:\/\/www.oldsite.ambroservizi.it\/index.php\/wp-json\/wp\/v2\/comments?post=2625"}],"version-history":[{"count":1,"href":"https:\/\/www.oldsite.ambroservizi.it\/index.php\/wp-json\/wp\/v2\/pages\/2625\/revisions"}],"predecessor-version":[{"id":2626,"href":"https:\/\/www.oldsite.ambroservizi.it\/index.php\/wp-json\/wp\/v2\/pages\/2625\/revisions\/2626"}],"wp:attachment":[{"href":"https:\/\/www.oldsite.ambroservizi.it\/index.php\/wp-json\/wp\/v2\/media?parent=2625"}],"curies":[{"name":"wp","href":"https:\/\/api.w.org\/{rel}","templated":true}]}}