{"id":237,"date":"2019-09-30T10:37:47","date_gmt":"2019-09-30T08:37:47","guid":{"rendered":"https:\/\/www.oldsite.ambroservizi.it\/?page_id=237"},"modified":"2022-02-01T09:58:45","modified_gmt":"2022-02-01T08:58:45","slug":"prenotazione-corsi","status":"publish","type":"page","link":"https:\/\/www.oldsite.ambroservizi.it\/index.php\/prenotazione-corsi\/","title":{"rendered":"Prenotazione Corsi"},"content":{"rendered":"\n<p><strong>Ambrostudio Servizi<\/strong> organizza corsi di formazione per Enti Pubblici e per Privati. Principalmente focalizzati sulle norme riguardanti la Sicurezza e la Privacy. <\/p>\n\n\n\n<p>Quando possibile la formazione pu\u00f2 svolgersi online (e-learning), con costi evidentemente ridotti, ma si pu\u00f2 anche richiedere un&#8217;offerta per poterli richiedere in presenza presso la propria sede. Inoltre \u00e8 possibile partecipare ai corsi in aula gi\u00e0 organizzati nelle location di Milano (vedere la programmazione relativa). Su richiesta possono anche essere organizzati corsi in videoconferenza.<\/p>\n\n\n\n<p><strong>Elenco dei corsi:<\/strong><\/p>\n\n\n\n<ul><li><a aria-label=\"Corsi sulla Sicurezza sul lavoro (apre in una nuova scheda)\" href=\"https:\/\/www.oldsite.ambroservizi.it\/index.php\/prenotazione-corsi-sicurezza-sul-lavoro\/\" target=\"_blank\" rel=\"noreferrer noopener\">Sicurezza sul lavoro<\/a><\/li><li><a href=\"https:\/\/www.oldsite.ambroservizi.it\/index.php\/prenotazione-corsi-privacy\/\">Privacy<\/a><\/li><li><a href=\"https:\/\/www.oldsite.ambroservizi.it\/index.php\/prenotazione-corsi-privacy\/\">Altri corsi<\/a><\/li><\/ul>\n\n\n\n<ul><li><a href=\"https:\/\/www.oldsite.ambroservizi.it\/index.php\/elenco-corsi-di-formazione\/\">Programmazione corsi in aula a Milano<\/a><\/li><\/ul>\n\n\n\n<p><\/p>\n\n\n<p><!--EndFragment--><\/p>\n\n\n<p><\/p>\n","protected":false},"excerpt":{"rendered":"<p>Ambrostudio Servizi organizza corsi di formazione per Enti Pubblici e per Privati. Principalmente focalizzati sulle norme riguardanti la Sicurezza e la Privacy. Quando possibile la formazione pu\u00f2 svolgersi online (e-learning), &#8230;<\/p>\n","protected":false},"author":1,"featured_media":0,"parent":0,"menu_order":0,"comment_status":"closed","ping_status":"closed","template":"","meta":[],"_links":{"self":[{"href":"https:\/\/www.oldsite.ambroservizi.it\/index.php\/wp-json\/wp\/v2\/pages\/237"}],"collection":[{"href":"https:\/\/www.oldsite.ambroservizi.it\/index.php\/wp-json\/wp\/v2\/pages"}],"about":[{"href":"https:\/\/www.oldsite.ambroservizi.it\/index.php\/wp-json\/wp\/v2\/types\/page"}],"author":[{"embeddable":true,"href":"https:\/\/www.oldsite.ambroservizi.it\/index.php\/wp-json\/wp\/v2\/users\/1"}],"replies":[{"embeddable":true,"href":"https:\/\/www.oldsite.ambroservizi.it\/index.php\/wp-json\/wp\/v2\/comments?post=237"}],"version-history":[{"count":18,"href":"https:\/\/www.oldsite.ambroservizi.it\/index.php\/wp-json\/wp\/v2\/pages\/237\/revisions"}],"predecessor-version":[{"id":9050,"href":"https:\/\/www.oldsite.ambroservizi.it\/index.php\/wp-json\/wp\/v2\/pages\/237\/revisions\/9050"}],"wp:attachment":[{"href":"https:\/\/www.oldsite.ambroservizi.it\/index.php\/wp-json\/wp\/v2\/media?parent=237"}],"curies":[{"name":"wp","href":"https:\/\/api.w.org\/{rel}","templated":true}]}}