{"id":1945,"date":"2020-05-22T11:40:09","date_gmt":"2020-05-22T09:40:09","guid":{"rendered":"https:\/\/www.oldsite.ambroservizi.it\/?page_id=1945"},"modified":"2020-08-14T15:22:32","modified_gmt":"2020-08-14T13:22:32","slug":"scuole-assistenza","status":"publish","type":"page","link":"https:\/\/www.oldsite.ambroservizi.it\/index.php\/scuole-assistenza\/","title":{"rendered":"Assistenza"},"content":{"rendered":"\n<h2 class=\"has-text-align-center\">Seleziona il tipo di attivit\u00e0 per la quale hai bisogno di assistenza:<\/h2>\n\n\n\n<hr class=\"wp-block-separator\"\/>\n\n\n\n<p class=\"has-text-align-center has-medium-font-size\"><strong><a href=\"https:\/\/www.oldsite.ambroservizi.it\/index.php\/scuole-quesiti-ricorrenti-attivita-in-e-learning\/\"><span class=\"has-inline-color has-vivid-cyan-blue-color\">Attivit\u00e0 in E-learning<\/span><\/a><\/strong><\/p>\n\n\n\n<p class=\"has-text-align-center has-medium-font-size\"><a href=\"https:\/\/www.oldsite.ambroservizi.it\/index.php\/faq-videoconferenza-scuole\/\"><strong><span class=\"has-inline-color has-vivid-cyan-blue-color\">Attivit\u00e0 in Webinar<\/span><\/strong><\/a><\/p>\n\n\n\n<hr class=\"wp-block-separator\"\/>\n\n\n\n<p class=\"has-normal-font-size\"><strong>Nel caso il problema non sia stato risolto inviare una mai all&#8217;indirizzo:<\/strong> <strong><a rel=\"noreferrer noopener\" href=\"mailto:assistenza@ambroservizi.it\" target=\"_blank\">assistenza@ambroservizi.it<\/a><\/strong> <strong>(indicare il problema riscontrato e proprio recapito telefonico per essere richiamati)<\/strong><\/p>\n\n\n\n<p class=\"has-normal-font-size\"><strong>In alternativa scrivere al Numero Whatsapp 377 40 44 116<\/strong><\/p>\n\n\n\n<p class=\"has-medium-font-size\"><strong><span class=\"has-inline-color has-vivid-cyan-blue-color\">SI CHIEDE GENTILMENTE DI NON CHIAMARE IL NUMERO VERDE PERCHE&#8217; NON FORNISCE ASSISTENZA TECNICA<\/span><\/strong><\/p>\n\n\n\n<p><\/p>\n","protected":false},"excerpt":{"rendered":"<p>Seleziona il tipo di attivit\u00e0 per la quale hai bisogno di assistenza: Attivit\u00e0 in E-learning Attivit\u00e0 in Webinar Nel caso il problema non sia stato risolto inviare una mai all&#8217;indirizzo: &#8230;<\/p>\n","protected":false},"author":1,"featured_media":0,"parent":0,"menu_order":0,"comment_status":"closed","ping_status":"closed","template":"","meta":[],"_links":{"self":[{"href":"https:\/\/www.oldsite.ambroservizi.it\/index.php\/wp-json\/wp\/v2\/pages\/1945"}],"collection":[{"href":"https:\/\/www.oldsite.ambroservizi.it\/index.php\/wp-json\/wp\/v2\/pages"}],"about":[{"href":"https:\/\/www.oldsite.ambroservizi.it\/index.php\/wp-json\/wp\/v2\/types\/page"}],"author":[{"embeddable":true,"href":"https:\/\/www.oldsite.ambroservizi.it\/index.php\/wp-json\/wp\/v2\/users\/1"}],"replies":[{"embeddable":true,"href":"https:\/\/www.oldsite.ambroservizi.it\/index.php\/wp-json\/wp\/v2\/comments?post=1945"}],"version-history":[{"count":11,"href":"https:\/\/www.oldsite.ambroservizi.it\/index.php\/wp-json\/wp\/v2\/pages\/1945\/revisions"}],"predecessor-version":[{"id":4853,"href":"https:\/\/www.oldsite.ambroservizi.it\/index.php\/wp-json\/wp\/v2\/pages\/1945\/revisions\/4853"}],"wp:attachment":[{"href":"https:\/\/www.oldsite.ambroservizi.it\/index.php\/wp-json\/wp\/v2\/media?parent=1945"}],"curies":[{"name":"wp","href":"https:\/\/api.w.org\/{rel}","templated":true}]}}