{"id":1611,"date":"2020-05-12T12:57:32","date_gmt":"2020-05-12T10:57:32","guid":{"rendered":"https:\/\/www.oldsite.ambroservizi.it\/?page_id=1611"},"modified":"2020-05-12T13:15:25","modified_gmt":"2020-05-12T11:15:25","slug":"circolare-tecnica-privacy-2020-01-il-corona-virus-e-lo-sciacallaggio-sullapprendimento-virtuale-nelle-scuole-pubbliche-2","status":"publish","type":"page","link":"https:\/\/www.oldsite.ambroservizi.it\/index.php\/circolare-tecnica-privacy-2020-01-il-corona-virus-e-lo-sciacallaggio-sullapprendimento-virtuale-nelle-scuole-pubbliche-2\/","title":{"rendered":"Circolare tecnica 2020-01 Privacy &#8211; Il Corona virus e lo sciacallaggio sull&#8217;apprendimento virtuale nelle scuole pubbliche"},"content":{"rendered":"\n<p>Lettera aperta ai Dirigenti, Docenti, DSGA ed Animatori digitali,<\/p>\n\n\n\n<p>Preso atto anche delle indicazioni ministeriali per l&#8217;utilizzo di supporti e metodi didattici alternativi e complementari a quelli ordinari, non ho potuto fare a meno di pormi alcuni quesiti sulle numerose proposte di digital classroom, definite flipped, collaborative o con altre modalit\u00e0 pi\u00f9 o meno amene di connotare i propri servizi da parte di aziende, che pur dovendo guadagnare e conseguire utili, propongono una comunicazione commerciale, dove l&#8217;elemento della gratuit\u00e0 per l&#8217;adesione e profilatura per Istituto ed utenti \u00e8 presentato come molto evidente. I quesiti che mi sono posto e desidero condividere sono:<\/p>\n\n\n\n<p>L&#8217;Istituto che promuove l&#8217;utilizzo di queste piattaforme ed in particolare il Dirigente in qualit\u00e0 di Titolare del trattamento dei dati, \u00e8 consapevole dell&#8217;utilizzo che l&#8217;azienda direttamente ed indirettamente, far\u00e0 delle informazioni ivi conferite?<\/p>\n\n\n\n<p>Si conosce in termini di accountability, il rischio determinato dalle azioni di promozione all&#8217;uso di questi strumenti?<\/p>\n\n\n\n<p>I docenti, i genitori e gli studenti sono stati opportunamente informati?<\/p>\n\n\n\n<p>Si conosce il reale valore economico in gioco sotto il &#8220;cappello&#8221; della gratuit\u00e0 dichiarata?<\/p>\n\n\n\n<p>Si ha contezza che si permette a terzi, non solo di disporre di strumento che si presta ad influenzare gli interessi personali in ordine a preferenze di acquisto di beni e servizi, ma anche per orientamenti socioculturali, politici, religiosi, filosofici, ecc. ?<\/p>\n\n\n\n<p>Io qualche risposta ce l&#8217;avrei a partire ad esempio:<\/p>\n\n\n\n<p>dall&#8217;importanza di sviluppo di maggiore consapevolezza e competenze per docenti, genitori ed alunni a conoscere bene queste dinamiche di mercato, in modo di sviluppare autonomo pensiero critico, che sono poi le medesime necessarie per frequentare in sicurezza i social network e la sterminata &#8220;prateria&#8221; del web.<\/p>\n\n\n\n<p>L&#8217;idea non cos\u00ec assurda, di chiedere a queste societ\u00e0, che non so se vi \u00e8 chiaro, ma usano scuole e docenti come collettori commerciali a costo 0, che agite inconsapevolmente per agevolare il loro rastrellamento di dati, di pagare un fee, un canone annuale o per utente, all&#8217;Istituto che ne promuove l&#8217;utilizzo.<\/p>\n\n\n\n<p>Preferire in luogo delle piattaforme gratuite quelle a pagamento, dove magari alla luce del sole, come avveniva nelle dinamiche di mercato tradizionale, il do ut des, si possa comprendere da tutti e permetta a tutti con chiarezza di conoscere il numero limitato di soggetti che accedono, elaborano, vendono e trasformano i nostri dati, magari con un limite di tempo certo e con la reale possibilit\u00e0 di cambiare idea in ordine al loro conferimento.<\/p>\n\n\n\n<p>Insomma anche in questo campo, chi pi\u00f9 spende meno spende e se la differenza in gioco \u00e8 la nostra libert\u00e0 di pensiero, forse a chi fa della didattica la propria professione, dovrebbe risultare quanto mai chiaro quali siano i valori da difendere.<\/p>\n\n\n\n<p>Per il ruolo che rivesto in qualit\u00e0 di DPO ed in generale per chi desidera approfondire tali temi, sono a disposizione per un confronto rigorosamente on-line, per ora &#8230;<\/p>\n\n\n\n<p>Distinti saluti<\/p>\n\n\n\n<p>Gaetano Grieco<\/p>\n","protected":false},"excerpt":{"rendered":"<p>Lettera aperta ai Dirigenti, Docenti, DSGA ed Animatori digitali, Preso atto anche delle indicazioni ministeriali per l&#8217;utilizzo di supporti e metodi didattici alternativi e complementari a quelli ordinari, non ho &#8230;<\/p>\n","protected":false},"author":1,"featured_media":0,"parent":0,"menu_order":0,"comment_status":"closed","ping_status":"closed","template":"","meta":[],"_links":{"self":[{"href":"https:\/\/www.oldsite.ambroservizi.it\/index.php\/wp-json\/wp\/v2\/pages\/1611"}],"collection":[{"href":"https:\/\/www.oldsite.ambroservizi.it\/index.php\/wp-json\/wp\/v2\/pages"}],"about":[{"href":"https:\/\/www.oldsite.ambroservizi.it\/index.php\/wp-json\/wp\/v2\/types\/page"}],"author":[{"embeddable":true,"href":"https:\/\/www.oldsite.ambroservizi.it\/index.php\/wp-json\/wp\/v2\/users\/1"}],"replies":[{"embeddable":true,"href":"https:\/\/www.oldsite.ambroservizi.it\/index.php\/wp-json\/wp\/v2\/comments?post=1611"}],"version-history":[{"count":2,"href":"https:\/\/www.oldsite.ambroservizi.it\/index.php\/wp-json\/wp\/v2\/pages\/1611\/revisions"}],"predecessor-version":[{"id":1626,"href":"https:\/\/www.oldsite.ambroservizi.it\/index.php\/wp-json\/wp\/v2\/pages\/1611\/revisions\/1626"}],"wp:attachment":[{"href":"https:\/\/www.oldsite.ambroservizi.it\/index.php\/wp-json\/wp\/v2\/media?parent=1611"}],"curies":[{"name":"wp","href":"https:\/\/api.w.org\/{rel}","templated":true}]}}