{"id":1525,"date":"2020-05-11T12:35:25","date_gmt":"2020-05-11T10:35:25","guid":{"rendered":"https:\/\/www.oldsite.ambroservizi.it\/?page_id=1525"},"modified":"2020-06-26T18:34:31","modified_gmt":"2020-06-26T16:34:31","slug":"scuole-enti-mat-covid-materiale-di-supporto-per-l-emergenza","status":"publish","type":"page","link":"https:\/\/www.oldsite.ambroservizi.it\/index.php\/scuole-enti-mat-covid-materiale-di-supporto-per-l-emergenza\/","title":{"rendered":"Scuole\/Enti: MAT-Covid \u2013 Materiale di supporto per l\u2019Emergenza"},"content":{"rendered":"\n<div class=\"wp-block-image\"><figure class=\"aligncenter size-full is-resized\"><img loading=\"lazy\" src=\"https:\/\/www.oldsite.ambroservizi.it\/wp-content\/uploads\/2020\/06\/MAT-COVID_Video.png\" alt=\"\" class=\"wp-image-2346\" width=\"456\" height=\"393\"\/><\/figure><\/div>\n\n\n\n<hr class=\"wp-block-separator is-style-wide\"\/>\n\n\n\n<p style=\"font-size:22px\">Documentazione a supporto per il rientro in sede: Video e pdf di riferimento da divulgare e far girare in loop negli ambienti di ingresso<\/p>\n\n\n\n<p>Le nuove norme per la salvaguardia del personale che ritorna a scuola post-quarantena prevengono il contagio ed assicurano lo svolgimento delle proprie mansioni in sicurezza. Di vitale importanza la massima massima e costante (video) diffusione, soprattutto all&#8217;ingresso dell&#8217;Istituto.<\/p>\n\n\n\n<hr class=\"wp-block-separator is-style-wide\"\/>\n\n\n\n<p style=\"font-size:22px\">A<strong> CHI <\/strong>SI RIVOLGE IL CONTENUTO?<\/p>\n\n\n\n<p>\u00c8 destinato a tutto il personale che rientra in istituto. Il materiale di supporto viene acquistato dalla Scuola e pu\u00f2 essere inserito nella home-page del sito istituzionale e divulgato via mail a tutti i Docenti e Non Docenti. Il video pu\u00f2 inoltre essere trasmesso in loop nel monitor dell&#8217;ingresso, qualora presente.<\/p>\n\n\n\n<hr class=\"wp-block-separator is-style-wide\"\/>\n\n\n\n<div class=\"wp-block-media-text alignwide is-stacked-on-mobile\" style=\"grid-template-columns:15% auto\"><figure class=\"wp-block-media-text__media\"><img loading=\"lazy\" width=\"835\" height=\"835\" src=\"https:\/\/www.oldsite.ambroservizi.it\/wp-content\/uploads\/2020\/06\/MAT-COVID-squared.png\" alt=\"\" class=\"wp-image-2454\" srcset=\"https:\/\/www.oldsite.ambroservizi.it\/wp-content\/uploads\/2020\/06\/MAT-COVID-squared.png 835w, https:\/\/www.oldsite.ambroservizi.it\/wp-content\/uploads\/2020\/06\/MAT-COVID-squared-300x300.png 300w, https:\/\/www.oldsite.ambroservizi.it\/wp-content\/uploads\/2020\/06\/MAT-COVID-squared-150x150.png 150w, https:\/\/www.oldsite.ambroservizi.it\/wp-content\/uploads\/2020\/06\/MAT-COVID-squared-768x768.png 768w\" sizes=\"(max-width: 835px) 100vw, 835px\" \/><\/figure><div class=\"wp-block-media-text__content\">\n<p style=\"font-size:22px\"><strong>VIDEO <\/strong>DA TRASMETTERE ALL&#8217;INGRESSO DELL&#8217;ISTITUTO<\/p>\n\n\n\n<p>Un video dalla breve durata da trasmettere e da far visionare a chiunque acceda. Lo scopo \u00e8 quello di catturare l&#8217;attenzione con immagini in movimento, che spiegano gli stessi concetti poi rafforzati dal Pdf stampato che sar\u00e0 anch&#8217;esso disponibile all&#8217;ingresso. Il video dovr\u00e0 girare in &#8220;loop&#8221; ovvero senza interruzioni, fino alla chiusura. Verr\u00e0 anche inviato via mail al personale prima dell&#8217;accesso in sede.<\/p>\n<\/div><\/div>\n\n\n\n<hr class=\"wp-block-separator is-style-wide\"\/>\n\n\n\n<div class=\"wp-block-media-text alignwide is-stacked-on-mobile\" style=\"grid-template-columns:15% auto\"><figure class=\"wp-block-media-text__media\"><img loading=\"lazy\" width=\"734\" height=\"990\" src=\"https:\/\/www.oldsite.ambroservizi.it\/wp-content\/uploads\/2020\/06\/linee-guida-covid.png\" alt=\"\" class=\"wp-image-2688\" srcset=\"https:\/\/www.oldsite.ambroservizi.it\/wp-content\/uploads\/2020\/06\/linee-guida-covid.png 734w, https:\/\/www.oldsite.ambroservizi.it\/wp-content\/uploads\/2020\/06\/linee-guida-covid-222x300.png 222w\" sizes=\"(max-width: 734px) 100vw, 734px\" \/><\/figure><div class=\"wp-block-media-text__content\">\n<p style=\"font-size:22px\">DOCUMENTAZIONE IN<strong> PDF<\/strong><\/p>\n\n\n\n<p>Come affrontare in maniera sicura il rientro a scuola? una pratica guida di facile consultazione riassume brevemente quali sono le misure da adottare per prevenire il contagio, rispettando noi stessi e gli altri, evitando esposizioni a pericoli di varia natura. Verr\u00e0 anche inviato via mail al personale prima dell&#8217;accesso in sede.<\/p>\n\n\n\n<p>I documenti vengono forniti sia in formato pdf che docx (quindi personalizzabili) e sono differenziati in base alla tipologia di utente:<\/p>\n\n\n\n<ul><li>Docenti<\/li><li>Personale ATA di segreteria<\/li><li>Personale ATA collaboratori scolastici<\/li><li>Studenti<\/li><li>Visitatori<\/li><\/ul>\n\n\n\n<p><\/p>\n<\/div><\/div>\n\n\n\n<hr class=\"wp-block-separator is-style-wide\"\/>\n\n\n\n<p class=\"has-text-color has-text-align-center has-large-font-size has-vivid-cyan-blue-color\"><span class=\"has-inline-color has-cyan-bluish-gray-color\">Promo speciale<\/span><\/p>\n\n\n\n<p style=\"font-size:30px\" class=\"has-text-color has-text-align-center has-vivid-cyan-blue-color\">&#8220;MAT-COVID: Istruzioni per il rientro in sede&#8221; <\/p>\n\n\n\n<p class=\"has-text-color has-background has-text-align-center has-huge-font-size has-very-light-gray-color has-vivid-cyan-blue-background-color\">Euro 80,00 ad Istituto<\/p>\n\n\n\n<p class=\"has-text-color has-text-align-center has-large-font-size has-vivid-cyan-blue-color\">Acquistabile su Mepa: &#8220;MAT-COVID&#8221; <\/p>\n\n\n\n<p class=\"has-normal-font-size\">Per avere maggiori informazioni scrivere via mail all&#8217;indirizzo  <strong>info@ambroservizi.it<\/strong> o chiamare il <strong>Numero Verde 800.456.111<\/strong><\/p>\n\n\n\n<hr class=\"wp-block-separator is-style-wide\"\/>\n\n\n\n<div class=\"wp-block-media-text alignwide has-media-on-the-right is-stacked-on-mobile is-vertically-aligned-center\" style=\"grid-template-columns:auto 15%\"><figure class=\"wp-block-media-text__media\"><a href=\"https:\/\/www.oldsite.ambroservizi.it\/wp-content\/uploads\/2020\/06\/Off_MAT-COVID_Rev2020-03-002.pdf\" target=\"_blank\" rel=\"noopener noreferrer\"><img src=\"https:\/\/www.oldsite.ambroservizi.it\/wp-content\/uploads\/2020\/06\/scarica-riepilogo3.png\" alt=\"\" class=\"wp-image-2395\"\/><\/a><\/figure><div class=\"wp-block-media-text__content\">\n<p style=\"font-size:22px\"><a href=\"https:\/\/www.oldsite.ambroservizi.it\/wp-content\/uploads\/2020\/06\/Off_MAT-COVID_Rev2020-03-002.pdf\" target=\"_blank\" rel=\"noreferrer noopener\">SCARICA L&#8217;<strong>OFFERTA<\/strong><\/a><\/p>\n\n\n<\/div><\/div>\n","protected":false},"excerpt":{"rendered":"<p>Documentazione a supporto per il rientro in sede: Video e pdf di riferimento da divulgare e far girare in loop negli ambienti di ingresso Le nuove norme per la salvaguardia &#8230;<\/p>\n","protected":false},"author":1,"featured_media":0,"parent":0,"menu_order":0,"comment_status":"closed","ping_status":"closed","template":"","meta":[],"_links":{"self":[{"href":"https:\/\/www.oldsite.ambroservizi.it\/index.php\/wp-json\/wp\/v2\/pages\/1525"}],"collection":[{"href":"https:\/\/www.oldsite.ambroservizi.it\/index.php\/wp-json\/wp\/v2\/pages"}],"about":[{"href":"https:\/\/www.oldsite.ambroservizi.it\/index.php\/wp-json\/wp\/v2\/types\/page"}],"author":[{"embeddable":true,"href":"https:\/\/www.oldsite.ambroservizi.it\/index.php\/wp-json\/wp\/v2\/users\/1"}],"replies":[{"embeddable":true,"href":"https:\/\/www.oldsite.ambroservizi.it\/index.php\/wp-json\/wp\/v2\/comments?post=1525"}],"version-history":[{"count":33,"href":"https:\/\/www.oldsite.ambroservizi.it\/index.php\/wp-json\/wp\/v2\/pages\/1525\/revisions"}],"predecessor-version":[{"id":2689,"href":"https:\/\/www.oldsite.ambroservizi.it\/index.php\/wp-json\/wp\/v2\/pages\/1525\/revisions\/2689"}],"wp:attachment":[{"href":"https:\/\/www.oldsite.ambroservizi.it\/index.php\/wp-json\/wp\/v2\/media?parent=1525"}],"curies":[{"name":"wp","href":"https:\/\/api.w.org\/{rel}","templated":true}]}}